{"id":192,"date":"2025-05-25T16:10:17","date_gmt":"2025-05-25T16:10:17","guid":{"rendered":"https:\/\/www.ceppodologia.com.br\/?post_type=product&#038;p=192"},"modified":"2026-04-30T00:19:09","modified_gmt":"2026-04-30T00:19:09","slug":"3-congresso-de-podologia-do-centro-oeste","status":"publish","type":"product","link":"https:\/\/www.ceppodologia.com.br\/en\/mentorias\/3-congresso-de-podologia-do-centro-oeste\/","title":{"rendered":"3\u00b0 Congresso de Podologia"},"content":{"rendered":"<p>Com muita alegria, que anunciamos a Data do nosso Mega evento, na capital do pa\u00eds.<\/p>\n<p>J\u00e1 salva essa data 16 e 17 de Maio de 2026\u00a0<img decoding=\"async\" class=\"emoji\" role=\"img\" draggable=\"false\" src=\"https:\/\/s.w.org\/images\/core\/emoji\/17.0.2\/svg\/1f5d3.svg\" alt=\"\ud83d\uddd3\ufe0f\" \/><\/p>\n<p>Ser\u00e3o 2 dias extraordin\u00e1rios, cheio de conhecimento com os melhores profissionais da podologia e sa\u00fade\u00a0<img decoding=\"async\" class=\"emoji\" role=\"img\" draggable=\"false\" src=\"https:\/\/s.w.org\/images\/core\/emoji\/17.0.2\/svg\/1f463.svg\" alt=\"\ud83d\udc63\" \/><\/p>\n<p>Fa\u00e7a sua inscri\u00e7\u00e3o com anteced\u00eancia e n\u00e3o perca a oportunidade de aperfei\u00e7oar seus estudos e crescer na \u00e1rea da podologia.<\/p>","protected":false},"excerpt":{"rendered":"<p>Com muita alegria, que anunciamos a Data do nosso Mega evento, na capital do pa\u00eds. J\u00e1 salva essa<\/p>","protected":false},"featured_media":1702,"comment_status":"open","ping_status":"closed","template":"","meta":[],"product_brand":[],"product_cat":[21],"product_tag":[19,74],"class_list":{"0":"post-192","1":"product","2":"type-product","3":"status-publish","4":"has-post-thumbnail","6":"product_cat-ingressos","7":"product_tag-ingressos","8":"product_tag-voucher","10":"first","11":"outofstock","12":"virtual","13":"sold-individually","14":"purchasable","15":"product-type-simple"},"_links":{"self":[{"href":"https:\/\/www.ceppodologia.com.br\/en\/wp-json\/wp\/v2\/product\/192","targetHints":{"allow":["GET"]}}],"collection":[{"href":"https:\/\/www.ceppodologia.com.br\/en\/wp-json\/wp\/v2\/product"}],"about":[{"href":"https:\/\/www.ceppodologia.com.br\/en\/wp-json\/wp\/v2\/types\/product"}],"replies":[{"embeddable":true,"href":"https:\/\/www.ceppodologia.com.br\/en\/wp-json\/wp\/v2\/comments?post=192"}],"wp:featuredmedia":[{"embeddable":true,"href":"https:\/\/www.ceppodologia.com.br\/en\/wp-json\/wp\/v2\/media\/1702"}],"wp:attachment":[{"href":"https:\/\/www.ceppodologia.com.br\/en\/wp-json\/wp\/v2\/media?parent=192"}],"wp:term":[{"taxonomy":"product_brand","embeddable":true,"href":"https:\/\/www.ceppodologia.com.br\/en\/wp-json\/wp\/v2\/product_brand?post=192"},{"taxonomy":"product_cat","embeddable":true,"href":"https:\/\/www.ceppodologia.com.br\/en\/wp-json\/wp\/v2\/product_cat?post=192"},{"taxonomy":"product_tag","embeddable":true,"href":"https:\/\/www.ceppodologia.com.br\/en\/wp-json\/wp\/v2\/product_tag?post=192"}],"curies":[{"name":"wp","href":"https:\/\/api.w.org\/{rel}","templated":true}]}}