{"id":1842,"date":"2026-04-04T09:11:04","date_gmt":"2026-04-04T09:11:04","guid":{"rendered":"https:\/\/www.ceppodologia.com.br\/?post_type=product&#038;p=1842"},"modified":"2026-04-25T11:11:30","modified_gmt":"2026-04-25T11:11:30","slug":"curso-intensivo-de-onicocriptose-brasilia","status":"publish","type":"product","link":"https:\/\/www.ceppodologia.com.br\/en\/mentorias\/curso-intensivo-de-onicocriptose-brasilia\/","title":{"rendered":"Curso Intensivo de Onicocriptose \/ Bras\u00edlia"},"content":{"rendered":"<p class=\"ds-markdown-paragraph\" style=\"text-align: left;\">Mas Aqui, voc\u00ea n\u00e3o domina apenas uma t\u00e9cnica \u2014 voc\u00ea desenvolve a habilidade de avaliar com profundidade, compreender cada hist\u00f3ria e construir planos de tratamento \u00fanicos, respeitando os limites, o tempo e a necessidade de cada paciente.<\/p>\n<p class=\"ds-markdown-paragraph\">\u00c9 um curso completo, intensamente pr\u00e1tico e fundamentado em viv\u00eancia cl\u00ednica real. Daqueles que transformam n\u00e3o s\u00f3 a sua abordagem, mas tamb\u00e9m a maneira de enxergar cada pessoa que confia em seu cuidado. E que, acima de tudo, trazem mais seguran\u00e7a, clareza e confian\u00e7a para o seu dia a dia no consult\u00f3rio.<\/p>","protected":false},"excerpt":{"rendered":"<p>Mas Aqui, voc\u00ea n\u00e3o domina apenas uma t\u00e9cnica \u2014 voc\u00ea desenvolve a habilidade de avaliar com profundidade, compreender<\/p>","protected":false},"featured_media":1680,"comment_status":"open","ping_status":"closed","template":"","meta":[],"product_brand":[],"product_cat":[21],"product_tag":[],"class_list":{"0":"post-1842","1":"product","2":"type-product","3":"status-publish","4":"has-post-thumbnail","6":"product_cat-ingressos","8":"first","9":"instock","10":"virtual","11":"purchasable","12":"product-type-simple"},"_links":{"self":[{"href":"https:\/\/www.ceppodologia.com.br\/en\/wp-json\/wp\/v2\/product\/1842","targetHints":{"allow":["GET"]}}],"collection":[{"href":"https:\/\/www.ceppodologia.com.br\/en\/wp-json\/wp\/v2\/product"}],"about":[{"href":"https:\/\/www.ceppodologia.com.br\/en\/wp-json\/wp\/v2\/types\/product"}],"replies":[{"embeddable":true,"href":"https:\/\/www.ceppodologia.com.br\/en\/wp-json\/wp\/v2\/comments?post=1842"}],"wp:featuredmedia":[{"embeddable":true,"href":"https:\/\/www.ceppodologia.com.br\/en\/wp-json\/wp\/v2\/media\/1680"}],"wp:attachment":[{"href":"https:\/\/www.ceppodologia.com.br\/en\/wp-json\/wp\/v2\/media?parent=1842"}],"wp:term":[{"taxonomy":"product_brand","embeddable":true,"href":"https:\/\/www.ceppodologia.com.br\/en\/wp-json\/wp\/v2\/product_brand?post=1842"},{"taxonomy":"product_cat","embeddable":true,"href":"https:\/\/www.ceppodologia.com.br\/en\/wp-json\/wp\/v2\/product_cat?post=1842"},{"taxonomy":"product_tag","embeddable":true,"href":"https:\/\/www.ceppodologia.com.br\/en\/wp-json\/wp\/v2\/product_tag?post=1842"}],"curies":[{"name":"wp","href":"https:\/\/api.w.org\/{rel}","templated":true}]}}