{"id":1717,"date":"2026-02-24T13:45:42","date_gmt":"2026-02-24T13:45:42","guid":{"rendered":"https:\/\/www.ceppodologia.com.br\/?post_type=product&#038;p=1717"},"modified":"2026-02-25T09:45:46","modified_gmt":"2026-02-25T09:45:46","slug":"workshop-cep-goiania","status":"publish","type":"product","link":"https:\/\/www.ceppodologia.com.br\/en\/mentorias\/workshop-cep-goiania\/","title":{"rendered":"Workshop CEP Goi\u00e2nia"},"content":{"rendered":"<p class=\"ds-markdown-paragraph\"><strong>Workshop de Podologia \u2013 Centro de Especializa\u00e7\u00e3o em Podologia (Goi\u00e2nia)<\/strong><\/p>\n<p class=\"ds-markdown-paragraph\">Participe do Workshop de Podologia promovido pelo Centro de Especializa\u00e7\u00e3o em Podologia, em Goi\u00e2nia. O evento \u00e9 voltado para profissionais e estudantes da \u00e1rea que desejam aprimorar seus conhecimentos t\u00e9cnicos e pr\u00e1ticos, com foco nas principais demandas do dia a dia cl\u00ednico.<\/p>","protected":false},"excerpt":{"rendered":"<p>Workshop de Podologia \u2013 Centro de Especializa\u00e7\u00e3o em Podologia (Goi\u00e2nia) Participe do Workshop de Podologia promovido pelo Centro<\/p>","protected":false},"featured_media":1719,"comment_status":"open","ping_status":"closed","template":"","meta":[],"product_brand":[],"product_cat":[21],"product_tag":[78,77,76],"class_list":{"0":"post-1717","1":"product","2":"type-product","3":"status-publish","4":"has-post-thumbnail","6":"product_cat-ingressos","7":"product_tag-podologia","8":"product_tag-treinamento","9":"product_tag-worshop","11":"first","12":"outofstock","13":"virtual","14":"purchasable","15":"product-type-simple"},"_links":{"self":[{"href":"https:\/\/www.ceppodologia.com.br\/en\/wp-json\/wp\/v2\/product\/1717","targetHints":{"allow":["GET"]}}],"collection":[{"href":"https:\/\/www.ceppodologia.com.br\/en\/wp-json\/wp\/v2\/product"}],"about":[{"href":"https:\/\/www.ceppodologia.com.br\/en\/wp-json\/wp\/v2\/types\/product"}],"replies":[{"embeddable":true,"href":"https:\/\/www.ceppodologia.com.br\/en\/wp-json\/wp\/v2\/comments?post=1717"}],"wp:featuredmedia":[{"embeddable":true,"href":"https:\/\/www.ceppodologia.com.br\/en\/wp-json\/wp\/v2\/media\/1719"}],"wp:attachment":[{"href":"https:\/\/www.ceppodologia.com.br\/en\/wp-json\/wp\/v2\/media?parent=1717"}],"wp:term":[{"taxonomy":"product_brand","embeddable":true,"href":"https:\/\/www.ceppodologia.com.br\/en\/wp-json\/wp\/v2\/product_brand?post=1717"},{"taxonomy":"product_cat","embeddable":true,"href":"https:\/\/www.ceppodologia.com.br\/en\/wp-json\/wp\/v2\/product_cat?post=1717"},{"taxonomy":"product_tag","embeddable":true,"href":"https:\/\/www.ceppodologia.com.br\/en\/wp-json\/wp\/v2\/product_tag?post=1717"}],"curies":[{"name":"wp","href":"https:\/\/api.w.org\/{rel}","templated":true}]}}