{"id":414,"date":"2025-05-31T13:52:28","date_gmt":"2025-05-31T13:52:28","guid":{"rendered":"https:\/\/www.ceppodologia.com.br\/?page_id=414"},"modified":"2026-02-07T09:40:18","modified_gmt":"2026-02-07T09:40:18","slug":"blog","status":"publish","type":"page","link":"https:\/\/www.ceppodologia.com.br\/en\/blog\/","title":{"rendered":"Blog"},"content":{"rendered":"<div data-elementor-type=\"wp-page\" data-elementor-id=\"414\" class=\"elementor elementor-414\" data-elementor-post-type=\"page\">\n\t\t\t\t<div class=\"elementor-element elementor-element-5200a06f e-flex e-con-boxed e-con e-parent\" data-id=\"5200a06f\" data-element_type=\"container\" data-e-type=\"container\" data-settings=\"{&quot;background_background&quot;:&quot;classic&quot;}\">\n\t\t\t\t\t<div class=\"e-con-inner\">\n\t\t\t\t<div class=\"elementor-element elementor-element-21b1cfcc elementor-widget elementor-widget-heading\" data-id=\"21b1cfcc\" data-element_type=\"widget\" data-e-type=\"widget\" data-widget_type=\"heading.default\">\n\t\t\t\t<div class=\"elementor-widget-container\">\n\t\t\t\t\t<h2 class=\"elementor-heading-title elementor-size-default\">BLOG<\/h2>\t\t\t\t<\/div>\n\t\t\t\t<\/div>\n\t\t\t\t<div class=\"elementor-element elementor-element-16d767a3 elementor-align-center elementor-icon-list--layout-traditional elementor-list-item-link-full_width elementor-widget elementor-widget-icon-list\" data-id=\"16d767a3\" data-element_type=\"widget\" data-e-type=\"widget\" data-widget_type=\"icon-list.default\">\n\t\t\t\t<div class=\"elementor-widget-container\">\n\t\t\t\t\t\t\t<ul class=\"elementor-icon-list-items\">\n\t\t\t\t\t\t\t<li class=\"elementor-icon-list-item\">\n\t\t\t\t\t\t\t\t\t\t\t<span class=\"elementor-icon-list-icon\">\n\t\t\t\t\t\t\t<i aria-hidden=\"true\" class=\"far fa-star\"><\/i>\t\t\t\t\t\t<\/span>\n\t\t\t\t\t\t\t\t\t\t<span class=\"elementor-icon-list-text\">Tips for keeping your feet healthy<\/span>\n\t\t\t\t\t\t\t\t\t<\/li>\n\t\t\t\t\t\t<\/ul>\n\t\t\t\t\t\t<\/div>\n\t\t\t\t<\/div>\n\t\t\t\t\t<\/div>\n\t\t\t\t<\/div>\n\t\t<div class=\"elementor-element elementor-element-2ba6ec20 e-flex e-con-boxed e-con e-parent\" data-id=\"2ba6ec20\" data-element_type=\"container\" data-e-type=\"container\" data-settings=\"{&quot;background_background&quot;:&quot;classic&quot;}\">\n\t\t\t\t\t<div class=\"e-con-inner\">\n\t\t<div class=\"elementor-element elementor-element-1795a5f4 e-con-full e-flex e-con e-child\" data-id=\"1795a5f4\" data-element_type=\"container\" data-e-type=\"container\">\n\t\t\t\t<div class=\"elementor-element elementor-element-8275548 elementor-widget__width-initial elementor-grid-3 elementor-grid-tablet-2 elementor-grid-mobile-1 elementor-posts--thumbnail-top elementor-card-shadow-yes elementor-posts__hover-gradient elementor-widget elementor-widget-posts\" data-id=\"8275548\" data-element_type=\"widget\" data-e-type=\"widget\" data-settings=\"{&quot;cards_row_gap&quot;:{&quot;unit&quot;:&quot;px&quot;,&quot;size&quot;:37,&quot;sizes&quot;:[]},&quot;cards_columns&quot;:&quot;3&quot;,&quot;cards_columns_tablet&quot;:&quot;2&quot;,&quot;cards_columns_mobile&quot;:&quot;1&quot;,&quot;cards_row_gap_widescreen&quot;:{&quot;unit&quot;:&quot;px&quot;,&quot;size&quot;:&quot;&quot;,&quot;sizes&quot;:[]},&quot;cards_row_gap_laptop&quot;:{&quot;unit&quot;:&quot;px&quot;,&quot;size&quot;:&quot;&quot;,&quot;sizes&quot;:[]},&quot;cards_row_gap_tablet&quot;:{&quot;unit&quot;:&quot;px&quot;,&quot;size&quot;:&quot;&quot;,&quot;sizes&quot;:[]},&quot;cards_row_gap_mobile&quot;:{&quot;unit&quot;:&quot;px&quot;,&quot;size&quot;:&quot;&quot;,&quot;sizes&quot;:[]}}\" data-widget_type=\"posts.cards\">\n\t\t\t\t<div class=\"elementor-widget-container\">\n\t\t\t\t\t\t\t<div class=\"elementor-posts-container elementor-posts elementor-posts--skin-cards elementor-grid\" role=\"list\">\n\t\t\t\t<article class=\"elementor-post elementor-grid-item post-1200 post type-post status-publish format-standard has-post-thumbnail hentry category-especialidades category-onicomicose\" role=\"listitem\">\n\t\t\t<div class=\"elementor-post__card\">\n\t\t\t\t<a class=\"elementor-post__thumbnail__link\" href=\"https:\/\/www.ceppodologia.com.br\/en\/onicomicose-restaurando-a-saude-e-a-beleza-das-unhas\/\" tabindex=\"-1\" ><div class=\"elementor-post__thumbnail\"><img fetchpriority=\"high\" decoding=\"async\" width=\"1380\" height=\"921\" src=\"https:\/\/www.ceppodologia.com.br\/wp-content\/uploads\/2025\/11\/61.png\" class=\"attachment-full size-full wp-image-1201\" alt=\"\" srcset=\"https:\/\/www.ceppodologia.com.br\/wp-content\/uploads\/2025\/11\/61.png 1380w, https:\/\/www.ceppodologia.com.br\/wp-content\/uploads\/2025\/11\/61-300x200.png 300w, https:\/\/www.ceppodologia.com.br\/wp-content\/uploads\/2025\/11\/61-1024x683.png 1024w, https:\/\/www.ceppodologia.com.br\/wp-content\/uploads\/2025\/11\/61-768x513.png 768w, https:\/\/www.ceppodologia.com.br\/wp-content\/uploads\/2025\/11\/61-18x12.png 18w, https:\/\/www.ceppodologia.com.br\/wp-content\/uploads\/2025\/11\/61-600x400.png 600w\" sizes=\"(max-width: 1380px) 100vw, 1380px\" \/><\/div><\/a>\n\t\t\t\t<div class=\"elementor-post__badge\">Specialties<\/div>\n\t\t\t\t<div class=\"elementor-post__text\">\n\t\t\t\t<h3 class=\"elementor-post__title\">\n\t\t\t<a href=\"https:\/\/www.ceppodologia.com.br\/en\/onicomicose-restaurando-a-saude-e-a-beleza-das-unhas\/\" >\n\t\t\t\t\u201cOnychomycosis: Restoring the Health and Beauty of Nails\u201d\t\t\t<\/a>\n\t\t<\/h3>\n\t\t\t\t<div class=\"elementor-post__excerpt\">\n\t\t\t<p>\u201cThickened, brittle, detached and color-changing nails? These are classic signs of onychomycosis, an infection caused by<\/p>\n\t\t<\/div>\n\t\t\n\t\t<a class=\"elementor-post__read-more\" href=\"https:\/\/www.ceppodologia.com.br\/en\/onicomicose-restaurando-a-saude-e-a-beleza-das-unhas\/\" aria-label=\"Read more about &#8220;Onicomicose: Restaurando a Sa\u00fade e a Beleza das Unhas&#8221;\" tabindex=\"-1\" >\n\t\t\tLearn more\u00bb\t\t<\/a>\n\n\t\t\t\t<\/div>\n\t\t\t\t\t<\/div>\n\t\t<\/article>\n\t\t\t\t<article class=\"elementor-post elementor-grid-item post-1194 post type-post status-publish format-standard has-post-thumbnail hentry category-especialidades category-onicocriptose-unha-encravada\" role=\"listitem\">\n\t\t\t<div class=\"elementor-post__card\">\n\t\t\t\t<a class=\"elementor-post__thumbnail__link\" href=\"https:\/\/www.ceppodologia.com.br\/en\/ortoplastia-correcao-e-alivio-para-joanetes-sem-cirurgia-invasiva\/\" tabindex=\"-1\" ><div class=\"elementor-post__thumbnail\"><img decoding=\"async\" width=\"1380\" height=\"921\" src=\"https:\/\/www.ceppodologia.com.br\/wp-content\/uploads\/2025\/11\/51.png\" class=\"attachment-full size-full wp-image-1195\" alt=\"\" srcset=\"https:\/\/www.ceppodologia.com.br\/wp-content\/uploads\/2025\/11\/51.png 1380w, https:\/\/www.ceppodologia.com.br\/wp-content\/uploads\/2025\/11\/51-300x200.png 300w, https:\/\/www.ceppodologia.com.br\/wp-content\/uploads\/2025\/11\/51-1024x683.png 1024w, https:\/\/www.ceppodologia.com.br\/wp-content\/uploads\/2025\/11\/51-768x513.png 768w, https:\/\/www.ceppodologia.com.br\/wp-content\/uploads\/2025\/11\/51-18x12.png 18w, https:\/\/www.ceppodologia.com.br\/wp-content\/uploads\/2025\/11\/51-600x400.png 600w\" sizes=\"(max-width: 1380px) 100vw, 1380px\" \/><\/div><\/a>\n\t\t\t\t<div class=\"elementor-post__badge\">Specialties<\/div>\n\t\t\t\t<div class=\"elementor-post__text\">\n\t\t\t\t<h3 class=\"elementor-post__title\">\n\t\t\t<a href=\"https:\/\/www.ceppodologia.com.br\/en\/ortoplastia-correcao-e-alivio-para-joanetes-sem-cirurgia-invasiva\/\" >\n\t\t\t\t\u201cOrthoplasty: Correction and Relief for Bunions without Invasive Surgery\u201d\t\t\t<\/a>\n\t\t<\/h3>\n\t\t\t\t<div class=\"elementor-post__excerpt\">\n\t\t\t<p>\u201cBunions are much more than an aesthetic nuisance! Known as hallux valgus, this deformity can cause pain<\/p>\n\t\t<\/div>\n\t\t\n\t\t<a class=\"elementor-post__read-more\" href=\"https:\/\/www.ceppodologia.com.br\/en\/ortoplastia-correcao-e-alivio-para-joanetes-sem-cirurgia-invasiva\/\" aria-label=\"Read more about &#8220;Ortoplastia: Corre\u00e7\u00e3o e Al\u00edvio para Joanetes sem Cirurgia Invasiva&#8221;\" tabindex=\"-1\" >\n\t\t\tLearn more\u00bb\t\t<\/a>\n\n\t\t\t\t<\/div>\n\t\t\t\t\t<\/div>\n\t\t<\/article>\n\t\t\t\t<article class=\"elementor-post elementor-grid-item post-1191 post type-post status-publish format-standard has-post-thumbnail hentry category-especialidades category-onicocriptose-unha-encravada\" role=\"listitem\">\n\t\t\t<div class=\"elementor-post__card\">\n\t\t\t\t<a class=\"elementor-post__thumbnail__link\" href=\"https:\/\/www.ceppodologia.com.br\/en\/onicocriptose-solucao-definitiva-para-a-unha-encravada\/\" tabindex=\"-1\" ><div class=\"elementor-post__thumbnail\"><img decoding=\"async\" width=\"1380\" height=\"921\" src=\"https:\/\/www.ceppodologia.com.br\/wp-content\/uploads\/2025\/11\/41.png\" class=\"attachment-full size-full wp-image-1192\" alt=\"\" srcset=\"https:\/\/www.ceppodologia.com.br\/wp-content\/uploads\/2025\/11\/41.png 1380w, https:\/\/www.ceppodologia.com.br\/wp-content\/uploads\/2025\/11\/41-300x200.png 300w, https:\/\/www.ceppodologia.com.br\/wp-content\/uploads\/2025\/11\/41-1024x683.png 1024w, https:\/\/www.ceppodologia.com.br\/wp-content\/uploads\/2025\/11\/41-768x513.png 768w, https:\/\/www.ceppodologia.com.br\/wp-content\/uploads\/2025\/11\/41-18x12.png 18w, https:\/\/www.ceppodologia.com.br\/wp-content\/uploads\/2025\/11\/41-600x400.png 600w\" sizes=\"(max-width: 1380px) 100vw, 1380px\" \/><\/div><\/a>\n\t\t\t\t<div class=\"elementor-post__badge\">Specialties<\/div>\n\t\t\t\t<div class=\"elementor-post__text\">\n\t\t\t\t<h3 class=\"elementor-post__title\">\n\t\t\t<a href=\"https:\/\/www.ceppodologia.com.br\/en\/onicocriptose-solucao-definitiva-para-a-unha-encravada\/\" >\n\t\t\t\t\u201cOnychocryptosis: The Definitive Solution to Ingrown Nails\u201d\t\t\t<\/a>\n\t\t<\/h3>\n\t\t\t\t<div class=\"elementor-post__excerpt\">\n\t\t\t<p>\u201cThat throbbing pain and redness in the corner of your nail is not normal! Onychocryptosis, known as ingrown toenails,<\/p>\n\t\t<\/div>\n\t\t\n\t\t<a class=\"elementor-post__read-more\" href=\"https:\/\/www.ceppodologia.com.br\/en\/onicocriptose-solucao-definitiva-para-a-unha-encravada\/\" aria-label=\"Read more about &#8220;Onicocriptose: Solu\u00e7\u00e3o Definitiva para a Unha Encravada&#8221;\" tabindex=\"-1\" >\n\t\t\tLearn more\u00bb\t\t<\/a>\n\n\t\t\t\t<\/div>\n\t\t\t\t\t<\/div>\n\t\t<\/article>\n\t\t\t\t<\/div>\n\t\t\n\t\t\t\t\t\t<\/div>\n\t\t\t\t<\/div>\n\t\t\t\t<\/div>\n\t\t\t\t\t<\/div>\n\t\t\t\t<\/div>\n\t\t\t\t<\/div>","protected":false},"excerpt":{"rendered":"<p>BLOG Dicas para manter a sa\u00fade dos seus p\u00e9s<\/p>","protected":false},"author":1,"featured_media":0,"parent":0,"menu_order":0,"comment_status":"closed","ping_status":"closed","template":"elementor_header_footer","meta":{"_tutorstarter_page_metadata":[],"footnotes":""},"class_list":["post-414","page","type-page","status-publish","hentry"],"_links":{"self":[{"href":"https:\/\/www.ceppodologia.com.br\/en\/wp-json\/wp\/v2\/pages\/414","targetHints":{"allow":["GET"]}}],"collection":[{"href":"https:\/\/www.ceppodologia.com.br\/en\/wp-json\/wp\/v2\/pages"}],"about":[{"href":"https:\/\/www.ceppodologia.com.br\/en\/wp-json\/wp\/v2\/types\/page"}],"author":[{"embeddable":true,"href":"https:\/\/www.ceppodologia.com.br\/en\/wp-json\/wp\/v2\/users\/1"}],"replies":[{"embeddable":true,"href":"https:\/\/www.ceppodologia.com.br\/en\/wp-json\/wp\/v2\/comments?post=414"}],"version-history":[{"count":37,"href":"https:\/\/www.ceppodologia.com.br\/en\/wp-json\/wp\/v2\/pages\/414\/revisions"}],"predecessor-version":[{"id":1661,"href":"https:\/\/www.ceppodologia.com.br\/en\/wp-json\/wp\/v2\/pages\/414\/revisions\/1661"}],"wp:attachment":[{"href":"https:\/\/www.ceppodologia.com.br\/en\/wp-json\/wp\/v2\/media?parent=414"}],"curies":[{"name":"wp","href":"https:\/\/api.w.org\/{rel}","templated":true}]}}