{"id":371,"date":"2025-05-31T11:53:39","date_gmt":"2025-05-31T11:53:39","guid":{"rendered":"https:\/\/www.ceppodologia.com.br\/?page_id=371"},"modified":"2025-12-09T10:02:27","modified_gmt":"2025-12-09T10:02:27","slug":"especialidades","status":"publish","type":"page","link":"https:\/\/www.ceppodologia.com.br\/en\/especialidades\/","title":{"rendered":"Specialties"},"content":{"rendered":"<div data-elementor-type=\"wp-page\" data-elementor-id=\"371\" class=\"elementor elementor-371\" data-elementor-post-type=\"page\">\n\t\t\t\t<div class=\"elementor-element elementor-element-ee5b2a8 e-flex e-con-boxed e-con e-parent\" data-id=\"ee5b2a8\" data-element_type=\"container\" data-e-type=\"container\" data-settings=\"{&quot;background_background&quot;:&quot;classic&quot;}\">\n\t\t\t\t\t<div class=\"e-con-inner\">\n\t\t\t\t<div class=\"elementor-element elementor-element-f3ed1d7 elementor-widget elementor-widget-heading\" data-id=\"f3ed1d7\" data-element_type=\"widget\" data-e-type=\"widget\" data-widget_type=\"heading.default\">\n\t\t\t\t<div class=\"elementor-widget-container\">\n\t\t\t\t\t<h2 class=\"elementor-heading-title elementor-size-default\">MINHAS ESPECIALIDADES <\/h2>\t\t\t\t<\/div>\n\t\t\t\t<\/div>\n\t\t\t\t<div class=\"elementor-element elementor-element-741f140 elementor-align-center elementor-icon-list--layout-traditional elementor-list-item-link-full_width elementor-widget elementor-widget-icon-list\" data-id=\"741f140\" data-element_type=\"widget\" data-e-type=\"widget\" data-widget_type=\"icon-list.default\">\n\t\t\t\t<div class=\"elementor-widget-container\">\n\t\t\t\t\t\t\t<ul class=\"elementor-icon-list-items\">\n\t\t\t\t\t\t\t<li class=\"elementor-icon-list-item\">\n\t\t\t\t\t\t\t\t\t\t\t<span class=\"elementor-icon-list-icon\">\n\t\t\t\t\t\t\t<i aria-hidden=\"true\" class=\"far fa-star\"><\/i>\t\t\t\t\t\t<\/span>\n\t\t\t\t\t\t\t\t\t\t<span class=\"elementor-icon-list-text\">Tips for keeping your feet healthy<\/span>\n\t\t\t\t\t\t\t\t\t<\/li>\n\t\t\t\t\t\t<\/ul>\n\t\t\t\t\t\t<\/div>\n\t\t\t\t<\/div>\n\t\t\t\t\t<\/div>\n\t\t\t\t<\/div>\n\t\t<div class=\"elementor-element elementor-element-0ad9228 e-flex e-con-boxed e-con e-parent\" data-id=\"0ad9228\" data-element_type=\"container\" data-e-type=\"container\">\n\t\t\t\t\t<div class=\"e-con-inner\">\n\t\t\t\t<div class=\"elementor-element elementor-element-2baa6ba elementor-grid-3 elementor-grid-tablet-2 elementor-grid-mobile-1 elementor-posts--thumbnail-top elementor-card-shadow-yes elementor-posts__hover-gradient elementor-widget elementor-widget-posts\" data-id=\"2baa6ba\" data-element_type=\"widget\" data-e-type=\"widget\" data-settings=\"{&quot;cards_columns&quot;:&quot;3&quot;,&quot;cards_columns_tablet&quot;:&quot;2&quot;,&quot;cards_columns_mobile&quot;:&quot;1&quot;,&quot;cards_row_gap&quot;:{&quot;unit&quot;:&quot;px&quot;,&quot;size&quot;:35,&quot;sizes&quot;:[]},&quot;cards_row_gap_widescreen&quot;:{&quot;unit&quot;:&quot;px&quot;,&quot;size&quot;:&quot;&quot;,&quot;sizes&quot;:[]},&quot;cards_row_gap_laptop&quot;:{&quot;unit&quot;:&quot;px&quot;,&quot;size&quot;:&quot;&quot;,&quot;sizes&quot;:[]},&quot;cards_row_gap_tablet&quot;:{&quot;unit&quot;:&quot;px&quot;,&quot;size&quot;:&quot;&quot;,&quot;sizes&quot;:[]},&quot;cards_row_gap_mobile&quot;:{&quot;unit&quot;:&quot;px&quot;,&quot;size&quot;:&quot;&quot;,&quot;sizes&quot;:[]}}\" data-widget_type=\"posts.cards\">\n\t\t\t\t<div class=\"elementor-widget-container\">\n\t\t\t\t\t\t\t<div class=\"elementor-posts-container elementor-posts elementor-posts--skin-cards elementor-grid\" role=\"list\">\n\t\t\t\t<article class=\"elementor-post elementor-grid-item post-1200 post type-post status-publish format-standard has-post-thumbnail hentry category-especialidades category-onicomicose\" role=\"listitem\">\n\t\t\t<div class=\"elementor-post__card\">\n\t\t\t\t<a class=\"elementor-post__thumbnail__link\" href=\"https:\/\/www.ceppodologia.com.br\/en\/onicomicose-restaurando-a-saude-e-a-beleza-das-unhas\/\" tabindex=\"-1\" ><div class=\"elementor-post__thumbnail\"><img fetchpriority=\"high\" decoding=\"async\" width=\"1380\" height=\"921\" src=\"https:\/\/www.ceppodologia.com.br\/wp-content\/uploads\/2025\/11\/61.png\" class=\"attachment-full size-full wp-image-1201\" alt=\"\" srcset=\"https:\/\/www.ceppodologia.com.br\/wp-content\/uploads\/2025\/11\/61.png 1380w, https:\/\/www.ceppodologia.com.br\/wp-content\/uploads\/2025\/11\/61-300x200.png 300w, https:\/\/www.ceppodologia.com.br\/wp-content\/uploads\/2025\/11\/61-1024x683.png 1024w, https:\/\/www.ceppodologia.com.br\/wp-content\/uploads\/2025\/11\/61-768x513.png 768w, https:\/\/www.ceppodologia.com.br\/wp-content\/uploads\/2025\/11\/61-18x12.png 18w, https:\/\/www.ceppodologia.com.br\/wp-content\/uploads\/2025\/11\/61-600x400.png 600w\" sizes=\"(max-width: 1380px) 100vw, 1380px\" \/><\/div><\/a>\n\t\t\t\t<div class=\"elementor-post__badge\">Specialties<\/div>\n\t\t\t\t<div class=\"elementor-post__text\">\n\t\t\t\t<h3 class=\"elementor-post__title\">\n\t\t\t<a href=\"https:\/\/www.ceppodologia.com.br\/en\/onicomicose-restaurando-a-saude-e-a-beleza-das-unhas\/\" >\n\t\t\t\t\u201cOnychomycosis: Restoring the Health and Beauty of Nails\u201d\t\t\t<\/a>\n\t\t<\/h3>\n\t\t\t\t<div class=\"elementor-post__excerpt\">\n\t\t\t<p>\u201cThickened, brittle, detached and color-changing nails? These are classic signs of onychomycosis, an infection caused by<\/p>\n\t\t<\/div>\n\t\t\n\t\t<a class=\"elementor-post__read-more\" href=\"https:\/\/www.ceppodologia.com.br\/en\/onicomicose-restaurando-a-saude-e-a-beleza-das-unhas\/\" aria-label=\"Read more about &#8220;Onicomicose: Restaurando a Sa\u00fade e a Beleza das Unhas&#8221;\" tabindex=\"-1\" >\n\t\t\tLearn more\u00bb\t\t<\/a>\n\n\t\t\t\t<\/div>\n\t\t\t\t\t<\/div>\n\t\t<\/article>\n\t\t\t\t<article class=\"elementor-post elementor-grid-item post-1194 post type-post status-publish format-standard has-post-thumbnail hentry category-especialidades category-onicocriptose-unha-encravada\" role=\"listitem\">\n\t\t\t<div class=\"elementor-post__card\">\n\t\t\t\t<a class=\"elementor-post__thumbnail__link\" href=\"https:\/\/www.ceppodologia.com.br\/en\/ortoplastia-correcao-e-alivio-para-joanetes-sem-cirurgia-invasiva\/\" tabindex=\"-1\" ><div class=\"elementor-post__thumbnail\"><img decoding=\"async\" width=\"1380\" height=\"921\" src=\"https:\/\/www.ceppodologia.com.br\/wp-content\/uploads\/2025\/11\/51.png\" class=\"attachment-full size-full wp-image-1195\" alt=\"\" srcset=\"https:\/\/www.ceppodologia.com.br\/wp-content\/uploads\/2025\/11\/51.png 1380w, https:\/\/www.ceppodologia.com.br\/wp-content\/uploads\/2025\/11\/51-300x200.png 300w, https:\/\/www.ceppodologia.com.br\/wp-content\/uploads\/2025\/11\/51-1024x683.png 1024w, https:\/\/www.ceppodologia.com.br\/wp-content\/uploads\/2025\/11\/51-768x513.png 768w, https:\/\/www.ceppodologia.com.br\/wp-content\/uploads\/2025\/11\/51-18x12.png 18w, https:\/\/www.ceppodologia.com.br\/wp-content\/uploads\/2025\/11\/51-600x400.png 600w\" sizes=\"(max-width: 1380px) 100vw, 1380px\" \/><\/div><\/a>\n\t\t\t\t<div class=\"elementor-post__badge\">Specialties<\/div>\n\t\t\t\t<div class=\"elementor-post__text\">\n\t\t\t\t<h3 class=\"elementor-post__title\">\n\t\t\t<a href=\"https:\/\/www.ceppodologia.com.br\/en\/ortoplastia-correcao-e-alivio-para-joanetes-sem-cirurgia-invasiva\/\" >\n\t\t\t\t\u201cOrthoplasty: Correction and Relief for Bunions without Invasive Surgery\u201d\t\t\t<\/a>\n\t\t<\/h3>\n\t\t\t\t<div class=\"elementor-post__excerpt\">\n\t\t\t<p>\u201cBunions are much more than an aesthetic nuisance! Known as hallux valgus, this deformity can cause pain<\/p>\n\t\t<\/div>\n\t\t\n\t\t<a class=\"elementor-post__read-more\" href=\"https:\/\/www.ceppodologia.com.br\/en\/ortoplastia-correcao-e-alivio-para-joanetes-sem-cirurgia-invasiva\/\" aria-label=\"Read more about &#8220;Ortoplastia: Corre\u00e7\u00e3o e Al\u00edvio para Joanetes sem Cirurgia Invasiva&#8221;\" tabindex=\"-1\" >\n\t\t\tLearn more\u00bb\t\t<\/a>\n\n\t\t\t\t<\/div>\n\t\t\t\t\t<\/div>\n\t\t<\/article>\n\t\t\t\t<article class=\"elementor-post elementor-grid-item post-1191 post type-post status-publish format-standard has-post-thumbnail hentry category-especialidades category-onicocriptose-unha-encravada\" role=\"listitem\">\n\t\t\t<div class=\"elementor-post__card\">\n\t\t\t\t<a class=\"elementor-post__thumbnail__link\" href=\"https:\/\/www.ceppodologia.com.br\/en\/onicocriptose-solucao-definitiva-para-a-unha-encravada\/\" tabindex=\"-1\" ><div class=\"elementor-post__thumbnail\"><img decoding=\"async\" width=\"1380\" height=\"921\" src=\"https:\/\/www.ceppodologia.com.br\/wp-content\/uploads\/2025\/11\/41.png\" class=\"attachment-full size-full wp-image-1192\" alt=\"\" srcset=\"https:\/\/www.ceppodologia.com.br\/wp-content\/uploads\/2025\/11\/41.png 1380w, https:\/\/www.ceppodologia.com.br\/wp-content\/uploads\/2025\/11\/41-300x200.png 300w, https:\/\/www.ceppodologia.com.br\/wp-content\/uploads\/2025\/11\/41-1024x683.png 1024w, https:\/\/www.ceppodologia.com.br\/wp-content\/uploads\/2025\/11\/41-768x513.png 768w, https:\/\/www.ceppodologia.com.br\/wp-content\/uploads\/2025\/11\/41-18x12.png 18w, https:\/\/www.ceppodologia.com.br\/wp-content\/uploads\/2025\/11\/41-600x400.png 600w\" sizes=\"(max-width: 1380px) 100vw, 1380px\" \/><\/div><\/a>\n\t\t\t\t<div class=\"elementor-post__badge\">Specialties<\/div>\n\t\t\t\t<div class=\"elementor-post__text\">\n\t\t\t\t<h3 class=\"elementor-post__title\">\n\t\t\t<a href=\"https:\/\/www.ceppodologia.com.br\/en\/onicocriptose-solucao-definitiva-para-a-unha-encravada\/\" >\n\t\t\t\t\u201cOnychocryptosis: The Definitive Solution to Ingrown Nails\u201d\t\t\t<\/a>\n\t\t<\/h3>\n\t\t\t\t<div class=\"elementor-post__excerpt\">\n\t\t\t<p>\u201cThat throbbing pain and redness in the corner of your nail is not normal! Onychocryptosis, known as ingrown toenails,<\/p>\n\t\t<\/div>\n\t\t\n\t\t<a class=\"elementor-post__read-more\" href=\"https:\/\/www.ceppodologia.com.br\/en\/onicocriptose-solucao-definitiva-para-a-unha-encravada\/\" aria-label=\"Read more about &#8220;Onicocriptose: Solu\u00e7\u00e3o Definitiva para a Unha Encravada&#8221;\" tabindex=\"-1\" >\n\t\t\tLearn more\u00bb\t\t<\/a>\n\n\t\t\t\t<\/div>\n\t\t\t\t\t<\/div>\n\t\t<\/article>\n\t\t\t\t<article class=\"elementor-post elementor-grid-item post-1185 post type-post status-publish format-standard has-post-thumbnail hentry category-especialidades category-pe-diabetico\" role=\"listitem\">\n\t\t\t<div class=\"elementor-post__card\">\n\t\t\t\t<a class=\"elementor-post__thumbnail__link\" href=\"https:\/\/www.ceppodologia.com.br\/en\/pe-diabetico-cuidados-que-preservam-a-saude-e-a-mobilidade\/\" tabindex=\"-1\" ><div class=\"elementor-post__thumbnail\"><img loading=\"lazy\" decoding=\"async\" width=\"1380\" height=\"921\" src=\"https:\/\/www.ceppodologia.com.br\/wp-content\/uploads\/2025\/11\/31.png\" class=\"attachment-full size-full wp-image-1186\" alt=\"\" srcset=\"https:\/\/www.ceppodologia.com.br\/wp-content\/uploads\/2025\/11\/31.png 1380w, https:\/\/www.ceppodologia.com.br\/wp-content\/uploads\/2025\/11\/31-300x200.png 300w, https:\/\/www.ceppodologia.com.br\/wp-content\/uploads\/2025\/11\/31-1024x683.png 1024w, https:\/\/www.ceppodologia.com.br\/wp-content\/uploads\/2025\/11\/31-768x513.png 768w, https:\/\/www.ceppodologia.com.br\/wp-content\/uploads\/2025\/11\/31-18x12.png 18w, https:\/\/www.ceppodologia.com.br\/wp-content\/uploads\/2025\/11\/31-600x400.png 600w\" sizes=\"(max-width: 1380px) 100vw, 1380px\" \/><\/div><\/a>\n\t\t\t\t<div class=\"elementor-post__badge\">Specialties<\/div>\n\t\t\t\t<div class=\"elementor-post__text\">\n\t\t\t\t<h3 class=\"elementor-post__title\">\n\t\t\t<a href=\"https:\/\/www.ceppodologia.com.br\/en\/pe-diabetico-cuidados-que-preservam-a-saude-e-a-mobilidade\/\" >\n\t\t\t\t&#8220;P\u00e9 Diab\u00e9tico: Cuidados que Preservam a Sa\u00fade e a Mobilidade&#8221;\t\t\t<\/a>\n\t\t<\/h3>\n\t\t\t\t<div class=\"elementor-post__excerpt\">\n\t\t\t<p>\u201cPara quem convive com diabetes, o cuidado com os p\u00e9s \u00e9 quest\u00e3o de sa\u00fade primordial! O p\u00e9 diab\u00e9tico<\/p>\n\t\t<\/div>\n\t\t\n\t\t<a class=\"elementor-post__read-more\" href=\"https:\/\/www.ceppodologia.com.br\/en\/pe-diabetico-cuidados-que-preservam-a-saude-e-a-mobilidade\/\" aria-label=\"Read more about &#8220;P\u00e9 Diab\u00e9tico: Cuidados que Preservam a Sa\u00fade e a Mobilidade&#8221;\" tabindex=\"-1\" >\n\t\t\tLearn more\u00bb\t\t<\/a>\n\n\t\t\t\t<\/div>\n\t\t\t\t\t<\/div>\n\t\t<\/article>\n\t\t\t\t<article class=\"elementor-post elementor-grid-item post-1176 post type-post status-publish format-standard has-post-thumbnail hentry category-calos-calosidades category-especialidades tag-calos tag-pe-diabetico tag-podologia\" role=\"listitem\">\n\t\t\t<div class=\"elementor-post__card\">\n\t\t\t\t<a class=\"elementor-post__thumbnail__link\" href=\"https:\/\/www.ceppodologia.com.br\/en\/calos-calosidades\/\" tabindex=\"-1\" ><div class=\"elementor-post__thumbnail\"><img loading=\"lazy\" decoding=\"async\" width=\"1380\" height=\"921\" src=\"https:\/\/www.ceppodologia.com.br\/wp-content\/uploads\/2025\/11\/21.png\" class=\"attachment-full size-full wp-image-1178\" alt=\"\" srcset=\"https:\/\/www.ceppodologia.com.br\/wp-content\/uploads\/2025\/11\/21.png 1380w, https:\/\/www.ceppodologia.com.br\/wp-content\/uploads\/2025\/11\/21-300x200.png 300w, https:\/\/www.ceppodologia.com.br\/wp-content\/uploads\/2025\/11\/21-1024x683.png 1024w, https:\/\/www.ceppodologia.com.br\/wp-content\/uploads\/2025\/11\/21-768x513.png 768w, https:\/\/www.ceppodologia.com.br\/wp-content\/uploads\/2025\/11\/21-18x12.png 18w, https:\/\/www.ceppodologia.com.br\/wp-content\/uploads\/2025\/11\/21-600x400.png 600w\" sizes=\"(max-width: 1380px) 100vw, 1380px\" \/><\/div><\/a>\n\t\t\t\t<div class=\"elementor-post__badge\">Calluses<\/div>\n\t\t\t\t<div class=\"elementor-post__text\">\n\t\t\t\t<h3 class=\"elementor-post__title\">\n\t\t\t<a href=\"https:\/\/www.ceppodologia.com.br\/en\/calos-calosidades\/\" >\n\t\t\t\t&#8220;Calos e Calosidades: Entenda e Trate com Seguran\u00e7a&#8221;\t\t\t<\/a>\n\t\t<\/h3>\n\t\t\t\t<div class=\"elementor-post__excerpt\">\n\t\t\t<p>\u201cAquela pele grossa e \u00e1spera n\u00e3o \u00e9 apenas um inc\u00f4modo est\u00e9tico! Calos e calosidades s\u00e3o mecanismos de defesa<\/p>\n\t\t<\/div>\n\t\t\n\t\t<a class=\"elementor-post__read-more\" href=\"https:\/\/www.ceppodologia.com.br\/en\/calos-calosidades\/\" aria-label=\"Read more about &#8220;Calos e Calosidades: Entenda e Trate com Seguran\u00e7a&#8221;\" tabindex=\"-1\" >\n\t\t\tLearn more\u00bb\t\t<\/a>\n\n\t\t\t\t<\/div>\n\t\t\t\t\t<\/div>\n\t\t<\/article>\n\t\t\t\t<article class=\"elementor-post elementor-grid-item post-1158 post type-post status-publish format-standard has-post-thumbnail hentry category-especialidades category-verrugas-plantares\" role=\"listitem\">\n\t\t\t<div class=\"elementor-post__card\">\n\t\t\t\t<a class=\"elementor-post__thumbnail__link\" href=\"https:\/\/www.ceppodologia.com.br\/en\/verrugas-plantares-como-identificar-tratar-e-prevenir-de-forma-eficaz\/\" tabindex=\"-1\" ><div class=\"elementor-post__thumbnail\"><img loading=\"lazy\" decoding=\"async\" width=\"1380\" height=\"921\" src=\"https:\/\/www.ceppodologia.com.br\/wp-content\/uploads\/2025\/11\/1-min.jpg\" class=\"attachment-full size-full wp-image-1160\" alt=\"\" srcset=\"https:\/\/www.ceppodologia.com.br\/wp-content\/uploads\/2025\/11\/1-min.jpg 1380w, https:\/\/www.ceppodologia.com.br\/wp-content\/uploads\/2025\/11\/1-min-300x200.jpg 300w, https:\/\/www.ceppodologia.com.br\/wp-content\/uploads\/2025\/11\/1-min-1024x683.jpg 1024w, https:\/\/www.ceppodologia.com.br\/wp-content\/uploads\/2025\/11\/1-min-768x513.jpg 768w, https:\/\/www.ceppodologia.com.br\/wp-content\/uploads\/2025\/11\/1-min-18x12.jpg 18w, https:\/\/www.ceppodologia.com.br\/wp-content\/uploads\/2025\/11\/1-min-600x400.jpg 600w\" sizes=\"(max-width: 1380px) 100vw, 1380px\" \/><\/div><\/a>\n\t\t\t\t<div class=\"elementor-post__badge\">Specialties<\/div>\n\t\t\t\t<div class=\"elementor-post__text\">\n\t\t\t\t<h3 class=\"elementor-post__title\">\n\t\t\t<a href=\"https:\/\/www.ceppodologia.com.br\/en\/verrugas-plantares-como-identificar-tratar-e-prevenir-de-forma-eficaz\/\" >\n\t\t\t\t\u201cVerrugas Plantares: Como Identificar, Tratar e Prevenir de Forma Eficaz\u201d\t\t\t<\/a>\n\t\t<\/h3>\n\t\t\t\t<div class=\"elementor-post__excerpt\">\n\t\t\t<p>Voc\u00ea sabia que as verrugas plantares s\u00e3o um dos problemas dermatol\u00f3gicos mais comuns nos p\u00e9s? Essas les\u00f5es, causadas<\/p>\n\t\t<\/div>\n\t\t\n\t\t<a class=\"elementor-post__read-more\" href=\"https:\/\/www.ceppodologia.com.br\/en\/verrugas-plantares-como-identificar-tratar-e-prevenir-de-forma-eficaz\/\" aria-label=\"Read more about \u201cVerrugas Plantares: Como Identificar, Tratar e Prevenir de Forma Eficaz\u201d\" tabindex=\"-1\" >\n\t\t\tLearn more\u00bb\t\t<\/a>\n\n\t\t\t\t<\/div>\n\t\t\t\t\t<\/div>\n\t\t<\/article>\n\t\t\t\t<article class=\"elementor-post elementor-grid-item post-354 post type-post status-publish format-standard has-post-thumbnail hentry category-especialidades category-podogeriatria\" role=\"listitem\">\n\t\t\t<div class=\"elementor-post__card\">\n\t\t\t\t<a class=\"elementor-post__thumbnail__link\" href=\"https:\/\/www.ceppodologia.com.br\/en\/podogeriatria-cuidados-especiais-para-os-pes-na-melhor-idade\/\" tabindex=\"-1\" ><div class=\"elementor-post__thumbnail\"><img loading=\"lazy\" decoding=\"async\" width=\"1380\" height=\"921\" src=\"https:\/\/www.ceppodologia.com.br\/wp-content\/uploads\/2025\/05\/Texto-do-seu-paragrafo-2.jpg\" class=\"attachment-full size-full wp-image-356\" alt=\"\" srcset=\"https:\/\/www.ceppodologia.com.br\/wp-content\/uploads\/2025\/05\/Texto-do-seu-paragrafo-2.jpg 1380w, https:\/\/www.ceppodologia.com.br\/wp-content\/uploads\/2025\/05\/Texto-do-seu-paragrafo-2-300x200.jpg 300w, https:\/\/www.ceppodologia.com.br\/wp-content\/uploads\/2025\/05\/Texto-do-seu-paragrafo-2-1024x683.jpg 1024w, https:\/\/www.ceppodologia.com.br\/wp-content\/uploads\/2025\/05\/Texto-do-seu-paragrafo-2-768x513.jpg 768w, https:\/\/www.ceppodologia.com.br\/wp-content\/uploads\/2025\/05\/Texto-do-seu-paragrafo-2-600x400.jpg 600w, https:\/\/www.ceppodologia.com.br\/wp-content\/uploads\/2025\/05\/Texto-do-seu-paragrafo-2-64x43.jpg 64w\" sizes=\"(max-width: 1380px) 100vw, 1380px\" \/><\/div><\/a>\n\t\t\t\t<div class=\"elementor-post__badge\">Specialties<\/div>\n\t\t\t\t<div class=\"elementor-post__text\">\n\t\t\t\t<h3 class=\"elementor-post__title\">\n\t\t\t<a href=\"https:\/\/www.ceppodologia.com.br\/en\/podogeriatria-cuidados-especiais-para-os-pes-na-melhor-idade\/\" >\n\t\t\t\t\u00a0&#8220;Podogeriatria: Cuidados Especiais para os P\u00e9s na Melhor Idade&#8221;\t\t\t<\/a>\n\t\t<\/h3>\n\t\t\t\t<div class=\"elementor-post__excerpt\">\n\t\t\t<p>&#8220;Com o avan\u00e7ar da idade, nossos p\u00e9s exigem aten\u00e7\u00e3o redobrada! A podogeriatria \u00e9 a \u00e1rea da podologia especializada<\/p>\n\t\t<\/div>\n\t\t\n\t\t<a class=\"elementor-post__read-more\" href=\"https:\/\/www.ceppodologia.com.br\/en\/podogeriatria-cuidados-especiais-para-os-pes-na-melhor-idade\/\" aria-label=\"Read more about \u00a0&#8220;Podogeriatria: Cuidados Especiais para os P\u00e9s na Melhor Idade&#8221;\" tabindex=\"-1\" >\n\t\t\tLearn more\u00bb\t\t<\/a>\n\n\t\t\t\t<\/div>\n\t\t\t\t\t<\/div>\n\t\t<\/article>\n\t\t\t\t<article class=\"elementor-post elementor-grid-item post-351 post type-post status-publish format-standard has-post-thumbnail hentry category-especialidades category-higienizacao\" role=\"listitem\">\n\t\t\t<div class=\"elementor-post__card\">\n\t\t\t\t<a class=\"elementor-post__thumbnail__link\" href=\"https:\/\/www.ceppodologia.com.br\/en\/higienizacao-profissional-dos-pes-cuidado-essencial-para-saude-e-bem-estar\/\" tabindex=\"-1\" ><div class=\"elementor-post__thumbnail\"><img loading=\"lazy\" decoding=\"async\" width=\"1380\" height=\"921\" src=\"https:\/\/www.ceppodologia.com.br\/wp-content\/uploads\/2025\/05\/Texto-do-seu-paragrafo-1.jpg\" class=\"attachment-full size-full wp-image-352\" alt=\"\" srcset=\"https:\/\/www.ceppodologia.com.br\/wp-content\/uploads\/2025\/05\/Texto-do-seu-paragrafo-1.jpg 1380w, https:\/\/www.ceppodologia.com.br\/wp-content\/uploads\/2025\/05\/Texto-do-seu-paragrafo-1-300x200.jpg 300w, https:\/\/www.ceppodologia.com.br\/wp-content\/uploads\/2025\/05\/Texto-do-seu-paragrafo-1-1024x683.jpg 1024w, https:\/\/www.ceppodologia.com.br\/wp-content\/uploads\/2025\/05\/Texto-do-seu-paragrafo-1-768x513.jpg 768w, https:\/\/www.ceppodologia.com.br\/wp-content\/uploads\/2025\/05\/Texto-do-seu-paragrafo-1-600x400.jpg 600w, https:\/\/www.ceppodologia.com.br\/wp-content\/uploads\/2025\/05\/Texto-do-seu-paragrafo-1-64x43.jpg 64w\" sizes=\"(max-width: 1380px) 100vw, 1380px\" \/><\/div><\/a>\n\t\t\t\t<div class=\"elementor-post__badge\">Specialties<\/div>\n\t\t\t\t<div class=\"elementor-post__text\">\n\t\t\t\t<h3 class=\"elementor-post__title\">\n\t\t\t<a href=\"https:\/\/www.ceppodologia.com.br\/en\/higienizacao-profissional-dos-pes-cuidado-essencial-para-saude-e-bem-estar\/\" >\n\t\t\t\t&#8220;Higieniza\u00e7\u00e3o Profissional dos P\u00e9s: Cuidado Essencial para Sa\u00fade e Bem-Estar&#8221;\t\t\t<\/a>\n\t\t<\/h3>\n\t\t\t\t<div class=\"elementor-post__excerpt\">\n\t\t\t<p>Voc\u00ea sabia que a\u00a0higieniza\u00e7\u00e3o profissional dos p\u00e9s\u00a0vai muito al\u00e9m de uma simples lavagem? Esse cuidado, realizado por\u00a0pod\u00f3logos com<\/p>\n\t\t<\/div>\n\t\t\n\t\t<a class=\"elementor-post__read-more\" href=\"https:\/\/www.ceppodologia.com.br\/en\/higienizacao-profissional-dos-pes-cuidado-essencial-para-saude-e-bem-estar\/\" aria-label=\"Read more about &#8220;Higieniza\u00e7\u00e3o Profissional dos P\u00e9s: Cuidado Essencial para Sa\u00fade e Bem-Estar&#8221;\" tabindex=\"-1\" >\n\t\t\tLearn more\u00bb\t\t<\/a>\n\n\t\t\t\t<\/div>\n\t\t\t\t\t<\/div>\n\t\t<\/article>\n\t\t\t\t<article class=\"elementor-post elementor-grid-item post-349 post type-post status-publish format-standard has-post-thumbnail hentry category-especialidades category-reflexologia\" role=\"listitem\">\n\t\t\t<div class=\"elementor-post__card\">\n\t\t\t\t<a class=\"elementor-post__thumbnail__link\" href=\"https:\/\/www.ceppodologia.com.br\/en\/reflexologia-podal-alivio-natural-e-beneficios-para-o-corpo-inteiro\/\" tabindex=\"-1\" ><div class=\"elementor-post__thumbnail\"><img loading=\"lazy\" decoding=\"async\" width=\"1380\" height=\"921\" src=\"https:\/\/www.ceppodologia.com.br\/wp-content\/uploads\/2025\/05\/Texto-do-seu-paragrafo.jpg\" class=\"attachment-full size-full wp-image-347\" alt=\"\" srcset=\"https:\/\/www.ceppodologia.com.br\/wp-content\/uploads\/2025\/05\/Texto-do-seu-paragrafo.jpg 1380w, https:\/\/www.ceppodologia.com.br\/wp-content\/uploads\/2025\/05\/Texto-do-seu-paragrafo-300x200.jpg 300w, https:\/\/www.ceppodologia.com.br\/wp-content\/uploads\/2025\/05\/Texto-do-seu-paragrafo-1024x683.jpg 1024w, https:\/\/www.ceppodologia.com.br\/wp-content\/uploads\/2025\/05\/Texto-do-seu-paragrafo-768x513.jpg 768w, https:\/\/www.ceppodologia.com.br\/wp-content\/uploads\/2025\/05\/Texto-do-seu-paragrafo-600x400.jpg 600w, https:\/\/www.ceppodologia.com.br\/wp-content\/uploads\/2025\/05\/Texto-do-seu-paragrafo-64x43.jpg 64w\" sizes=\"(max-width: 1380px) 100vw, 1380px\" \/><\/div><\/a>\n\t\t\t\t<div class=\"elementor-post__badge\">Specialties<\/div>\n\t\t\t\t<div class=\"elementor-post__text\">\n\t\t\t\t<h3 class=\"elementor-post__title\">\n\t\t\t<a href=\"https:\/\/www.ceppodologia.com.br\/en\/reflexologia-podal-alivio-natural-e-beneficios-para-o-corpo-inteiro\/\" >\n\t\t\t\t&#8220;Reflexologia Podal: Al\u00edvio Natural e Benef\u00edcios para o Corpo Inteiro&#8221;\t\t\t<\/a>\n\t\t<\/h3>\n\t\t\t\t<div class=\"elementor-post__excerpt\">\n\t\t\t<p>Voc\u00ea sabia que os seus p\u00e9s s\u00e3o um mapa do seu corpo? A\u00a0reflexologia podal\u00a0\u00e9 uma t\u00e9cnica terap\u00eautica que<\/p>\n\t\t<\/div>\n\t\t\n\t\t<a class=\"elementor-post__read-more\" href=\"https:\/\/www.ceppodologia.com.br\/en\/reflexologia-podal-alivio-natural-e-beneficios-para-o-corpo-inteiro\/\" aria-label=\"Read more about &#8220;Reflexologia Podal: Al\u00edvio Natural e Benef\u00edcios para o Corpo Inteiro&#8221;\" tabindex=\"-1\" >\n\t\t\tLearn more\u00bb\t\t<\/a>\n\n\t\t\t\t<\/div>\n\t\t\t\t\t<\/div>\n\t\t<\/article>\n\t\t\t\t<\/div>\n\t\t\n\t\t\t\t\t\t<\/div>\n\t\t\t\t<\/div>\n\t\t\t\t<div class=\"elementor-element elementor-element-3f5d06e elementor-align-center elementor-hidden-widescreen elementor-hidden-desktop elementor-hidden-laptop elementor-hidden-tablet elementor-hidden-mobile elementor-widget elementor-widget-button\" data-id=\"3f5d06e\" data-element_type=\"widget\" data-e-type=\"widget\" data-widget_type=\"button.default\">\n\t\t\t\t<div class=\"elementor-widget-container\">\n\t\t\t\t\t\t\t\t\t<div class=\"elementor-button-wrapper\">\n\t\t\t\t\t<a class=\"elementor-button elementor-button-link elementor-size-sm\" href=\"https:\/\/www.ceppodologia.com.br\/en\/blog\/\">\n\t\t\t\t\t\t<span class=\"elementor-button-content-wrapper\">\n\t\t\t\t\t\t<span class=\"elementor-button-icon\">\n\t\t\t\t<i aria-hidden=\"true\" class=\"fas fa-long-arrow-alt-right\"><\/i>\t\t\t<\/span>\n\t\t\t\t\t\t\t\t\t<span class=\"elementor-button-text\">SEE ALL POSTS<\/span>\n\t\t\t\t\t<\/span>\n\t\t\t\t\t<\/a>\n\t\t\t\t<\/div>\n\t\t\t\t\t\t\t\t<\/div>\n\t\t\t\t<\/div>\n\t\t\t\t<div class=\"elementor-element elementor-element-89f9fa8 elementor-align-center elementor-invisible elementor-widget elementor-widget-button\" data-id=\"89f9fa8\" data-element_type=\"widget\" data-e-type=\"widget\" data-settings=\"{&quot;_animation&quot;:&quot;fadeIn&quot;}\" data-widget_type=\"button.default\">\n\t\t\t\t<div class=\"elementor-widget-container\">\n\t\t\t\t\t\t\t\t\t<div class=\"elementor-button-wrapper\">\n\t\t\t\t\t<a class=\"elementor-button elementor-button-link elementor-size-sm elementor-animation-grow\" href=\"http:\/\/wa.me\/61981497420\" target=\"_blank\">\n\t\t\t\t\t\t<span class=\"elementor-button-content-wrapper\">\n\t\t\t\t\t\t<span class=\"elementor-button-icon\">\n\t\t\t\t<i aria-hidden=\"true\" class=\"fab fa-whatsapp\"><\/i>\t\t\t<\/span>\n\t\t\t\t\t\t\t\t\t<span class=\"elementor-button-text\">SCHEDULE AN APPOINTMENT VIA WHATSAPP<\/span>\n\t\t\t\t\t<\/span>\n\t\t\t\t\t<\/a>\n\t\t\t\t<\/div>\n\t\t\t\t\t\t\t\t<\/div>\n\t\t\t\t<\/div>\n\t\t\t\t\t<\/div>\n\t\t\t\t<\/div>\n\t\t\t\t<\/div>","protected":false},"excerpt":{"rendered":"<p>MINHAS ESPECIALIDADES Dicas para manter a sa\u00fade dos seus p\u00e9s VER TODOS OS POSTS AGENDAR CONSULTA VIA WHATSAPP<\/p>","protected":false},"author":1,"featured_media":0,"parent":0,"menu_order":0,"comment_status":"closed","ping_status":"closed","template":"elementor_header_footer","meta":{"_tutorstarter_page_metadata":[],"footnotes":""},"class_list":["post-371","page","type-page","status-publish","hentry"],"_links":{"self":[{"href":"https:\/\/www.ceppodologia.com.br\/en\/wp-json\/wp\/v2\/pages\/371","targetHints":{"allow":["GET"]}}],"collection":[{"href":"https:\/\/www.ceppodologia.com.br\/en\/wp-json\/wp\/v2\/pages"}],"about":[{"href":"https:\/\/www.ceppodologia.com.br\/en\/wp-json\/wp\/v2\/types\/page"}],"author":[{"embeddable":true,"href":"https:\/\/www.ceppodologia.com.br\/en\/wp-json\/wp\/v2\/users\/1"}],"replies":[{"embeddable":true,"href":"https:\/\/www.ceppodologia.com.br\/en\/wp-json\/wp\/v2\/comments?post=371"}],"version-history":[{"count":38,"href":"https:\/\/www.ceppodologia.com.br\/en\/wp-json\/wp\/v2\/pages\/371\/revisions"}],"predecessor-version":[{"id":1411,"href":"https:\/\/www.ceppodologia.com.br\/en\/wp-json\/wp\/v2\/pages\/371\/revisions\/1411"}],"wp:attachment":[{"href":"https:\/\/www.ceppodologia.com.br\/en\/wp-json\/wp\/v2\/media?parent=371"}],"curies":[{"name":"wp","href":"https:\/\/api.w.org\/{rel}","templated":true}]}}